{"id":29685,"date":"2023-08-14T20:49:42","date_gmt":"2023-08-14T19:49:42","guid":{"rendered":"https:\/\/chubu17.com\/?page_id=29685"},"modified":"2025-06-21T11:17:38","modified_gmt":"2025-06-21T10:17:38","slug":"a-propos-de-nous","status":"publish","type":"page","link":"https:\/\/chubu17.com\/fr\/a-propos-de-nous\/","title":{"rendered":"\u00c0 PROPOS DE NOUS"},"content":{"rendered":"\t\t<div data-elementor-type=\"wp-page\" data-elementor-id=\"29685\" class=\"elementor elementor-29685 elementor-13877\">\n\t\t\t\t\t\t<section class=\"elementor-section elementor-top-section elementor-element elementor-element-3a236cab elementor-section-boxed elementor-section-height-default elementor-section-height-default\" data-id=\"3a236cab\" data-element_type=\"section\" data-e-type=\"section\">\n\t\t\t\t\t\t<div class=\"elementor-container elementor-column-gap-default\">\n\t\t\t\t\t<div class=\"elementor-column elementor-col-100 elementor-top-column elementor-element elementor-element-72713207\" data-id=\"72713207\" data-element_type=\"column\" data-e-type=\"column\">\n\t\t\t<div class=\"elementor-widget-wrap elementor-element-populated\">\n\t\t\t\t\t\t<div class=\"elementor-element elementor-element-18ae61ea elementor-invisible elementor-widget elementor-widget-pix-badge\" data-id=\"18ae61ea\" data-element_type=\"widget\" data-e-type=\"widget\" data-widget_type=\"pix-badge.default\">\n\t\t\t\t<div class=\"elementor-widget-container\">\n\t\t\t\t\t<div class=\"pix-element-div w-100 text-center\"><span class=\"pix-badge-element h6 d-inline-flex mr-1 animate-in\" data-anim-type=\"fade-in-up\" data-anim-delay=\"0\"><span class=\"badge font-weight-bold secondary-font  bg-gray-2  \" style=\" \"><span class=\"text-gradient-primary pix-bg-attachment-scroll text-bg-img\" style=\"\">DEPUIS 2020<\/span><\/span><\/span><\/div>\t\t\t\t<\/div>\n\t\t\t\t<\/div>\n\t\t\t\t<div class=\"elementor-element elementor-element-521e8e42 elementor-widget elementor-widget-pix-sliding-text\" data-id=\"521e8e42\" data-element_type=\"widget\" data-e-type=\"widget\" data-widget_type=\"pix-sliding-text.default\">\n\t\t\t\t<div class=\"elementor-widget-container\">\n\t\t\t\t\t<div id=\"el-521e8e42\" class=\"mb-3 text-center \"><h2 class=\"mb-32 pix-sliding-headline-2 animate-in font-weight-bold secondary-font \" data-anim-type=\"pix-sliding-text\" pix-anim-delay=\"500\" data-class=\"secondary-font text-gradient-primary\" style=\"\"><span class=\"slide-in-container \"><span class=\"pix-sliding-item secondary-font text-gradient-primary\" style=\"transition-delay: 0ms;\">NOTRE&#32;<\/span><\/span> <span class=\"slide-in-container \"><span class=\"pix-sliding-item secondary-font text-gradient-primary\" style=\"transition-delay: 150ms;\">HISTOIRE&#32;<\/span><\/span> <\/h2><\/div>\t\t\t\t<\/div>\n\t\t\t\t<\/div>\n\t\t\t\t<div class=\"elementor-element elementor-element-74b06e15 elementor-widget__width-auto elementor-invisible elementor-widget elementor-widget-pix-text\" data-id=\"74b06e15\" data-element_type=\"widget\" data-e-type=\"widget\" data-widget_type=\"pix-text.default\">\n\t\t\t\t<div class=\"elementor-widget-container\">\n\t\t\t\t\t<div class=\"pix-el-text w-100 text-center \" ><p class=\"text-20 resp-option text-body-default text-center \" ><span class=\"text-body-default animate-in d-inline-block\" data-anim-delay=\"200\" data-anim-type=\"fade-in-up\">Au d\u00e9but, CHUBU \u00e9tait dans le monde des churros. Nous avons commenc\u00e9 avec des id\u00e9es innovantes, transformant les churros et le chocolat chaud en formes uniques. Nous proposions des vari\u00e9t\u00e9s inhabituelles comme des churros avec du fromage fondu et du bacon, ou du fromage et des airelles.<br><br>\n\nMais dans un petit local, nous avons d\u00fb nous r\u00e9inventer, laissant place au CHUBU17 que vous connaissez. Cette nouvelle \u00e9tape s'est concentr\u00e9e sur des hamburgers artisanaux de qualit\u00e9, utilisant des ingr\u00e9dients locaux achet\u00e9s au march\u00e9 de Nuestra Se\u00f1ora de \u00c1frica \u00e0 Santa Cruz de Tenerife.<br><br>\n\nEn nous sp\u00e9cialisant dans les hamburgers gastronomiques, nous nous sommes d\u00e9marqu\u00e9s par nos mayonnaises et nos sauces maison. Nous utilisons de la viande fra\u00eeche de b\u0153uf certifi\u00e9e, avec 30% \u00e0 40% de mati\u00e8res grasses, cuite avec du sel et du poivre pour pr\u00e9server son go\u00fbt d'origine. De plus, notre atmosph\u00e8re en terrasse est connue pour \u00eatre accueillante et propice \u00e0 se faire des amis.<br><br>\n\nMaintenant, vous connaissez notre histoire et nous esp\u00e9rons que vous serez tent\u00e9s de vivre l'exp\u00e9rience CHUBU17. Nous vous attendons avec un salut chaleureux de toute notre \u00e9quipe.<\/span><\/p><\/div>\t\t\t\t<\/div>\n\t\t\t\t<\/div>\n\t\t\t\t\t<\/div>\n\t\t<\/div>\n\t\t\t\t\t<\/div>\n\t\t<\/section>\n\t\t\t\t<section class=\"elementor-section elementor-top-section elementor-element elementor-element-83871c5 elementor-section-boxed elementor-section-height-default elementor-section-height-default\" data-id=\"83871c5\" data-element_type=\"section\" data-e-type=\"section\">\n\t\t\t\t\t\t<div class=\"elementor-container elementor-column-gap-default\">\n\t\t\t\t\t<div class=\"elementor-column elementor-col-100 elementor-top-column elementor-element elementor-element-81502c1\" data-id=\"81502c1\" data-element_type=\"column\" data-e-type=\"column\">\n\t\t\t<div class=\"elementor-widget-wrap elementor-element-populated\">\n\t\t\t\t\t\t<section class=\"elementor-section elementor-inner-section elementor-element elementor-element-509386a0 elementor-section-boxed elementor-section-height-default elementor-section-height-default\" data-id=\"509386a0\" data-element_type=\"section\" data-e-type=\"section\">\n\t\t\t\t\t\t<div class=\"elementor-container elementor-column-gap-default\">\n\t\t\t\t\t<div class=\"elementor-column elementor-col-50 elementor-inner-column elementor-element elementor-element-442f1fd\" data-id=\"442f1fd\" data-element_type=\"column\" data-e-type=\"column\">\n\t\t\t<div class=\"elementor-widget-wrap elementor-element-populated\">\n\t\t\t\t\t\t<div class=\"elementor-element elementor-element-db75a49 elementor-invisible elementor-widget elementor-widget-pix-icon\" data-id=\"db75a49\" data-element_type=\"widget\" data-e-type=\"widget\" data-widget_type=\"pix-icon.default\">\n\t\t\t\t<div class=\"elementor-widget-container\">\n\t\t\t\t\t<div id=\"duo-icon-118504112\" class=\"pix-icon text-center \"><div class=\"pix-icon-bg rounded-circle d-inline-flex align-items-center justify-content-center feature_img position-relative bg-gradient-primary-light animate-in \" data-anim-type=\"fade-in-up\" data-anim-delay=\"0\" style=\" width:64px;height:64px;position:relative;line-height:64px;text-align:center;\"><span style=\"font-size:36px;line-height:36px;\" class=\"text-gradient-primary d-inline-flex align-middle\"><svg class=\"pixfort-icon \" width=\"36\" height=\"36\"  data-name=\"Duotone\/pixfort-icon-users-3\" viewBox=\"2 2 20 20\"><g fill=\"none\" fill-rule=\"evenodd\"><path fill=\"var(--pf-icon-color)\" fill-opacity=\".25\" d=\"M17,9 C18.6568542,9 20,10.3431458 20,12 C20,13.6568542 18.6568542,15 17,15 C15.3431458,15 14,13.6568542 14,12 C14,10.3431458 15.3431458,9 17,9 Z M9.5,4 C11.9852814,4 14,6.01471863 14,8.5 C14,10.9852814 11.9852814,13 9.5,13 C7.01471863,13 5,10.9852814 5,8.5 C5,6.01471863 7.01471863,4 9.5,4 Z\"\/><path fill=\"var(--pf-icon-color)\" d=\"M16.5,15 C19.17181,15 21.0363637,16.3067743 21.946115,18.8571744 C22.141373,19.4045614 21.7818711,20 21.2561229,20 L17.6032053,20.0015595 C17.9761728,19.770881 18.1735886,19.2441257 18,18.75 C17.4169527,17.0903366 16.5020682,15.8695392 15.2831546,15.0996923 C15.6675078,15.0333038 16.0734672,15 16.5,15 Z M9.4,14 C12.995278,14 15.5042846,15.5681291 16.7284767,18.6286093 C16.9912224,19.2854737 16.5074646,20 15.8,20 L3,20 C2.2925354,20 1.80877755,19.2854737 2.07152331,18.6286093 C3.29571539,15.5681291 5.80472199,14 9.4,14 Z\"\/><\/g><\/svg><\/span><\/div><\/div>\t\t\t\t<\/div>\n\t\t\t\t<\/div>\n\t\t\t\t<div class=\"elementor-element elementor-element-14a2ba05 elementor-widget elementor-widget-pix-sliding-text\" data-id=\"14a2ba05\" data-element_type=\"widget\" data-e-type=\"widget\" data-widget_type=\"pix-sliding-text.default\">\n\t\t\t\t<div class=\"elementor-widget-container\">\n\t\t\t\t\t<div id=\"el-14a2ba05\" class=\"mb-3 text-center \"><h2 class=\"mb-32 pix-sliding-headline-2 animate-in font-weight-bold secondary-font \" data-anim-type=\"pix-sliding-text\" pix-anim-delay=\"500\" data-class=\"secondary-font text-gradient-primary\" style=\"\"><span class=\"slide-in-container \"><span class=\"pix-sliding-item secondary-font text-gradient-primary\" style=\"transition-delay: 0ms;\">NOTRE&#32;<\/span><\/span> <span class=\"slide-in-container \"><span class=\"pix-sliding-item secondary-font text-gradient-primary\" style=\"transition-delay: 50ms;\">\u00c9QUIPE&#32;<\/span><\/span> <\/h2><\/div>\t\t\t\t<\/div>\n\t\t\t\t<\/div>\n\t\t\t\t<div class=\"elementor-element elementor-element-19242685 elementor-invisible elementor-widget elementor-widget-pix-text\" data-id=\"19242685\" data-element_type=\"widget\" data-e-type=\"widget\" data-widget_type=\"pix-text.default\">\n\t\t\t\t<div class=\"elementor-widget-container\">\n\t\t\t\t\t<div class=\"pix-el-text w-100 text-center \" ><div class=\"d-inline-block\" style=\"max-width:700px;\"><p class=\"text-18 resp-option text-body-default text-center \" ><span class=\"text-body-default animate-in d-inline-block\" data-anim-delay=\"200\" data-anim-type=\"fade-in-up\">Nous sommes Chubu17. Nous travaillons avec amour pour apporter \u00e0 votre table les hamburgers les plus d\u00e9licieux.\nNotre \u00e9quipe se donne \u00e0 fond chaque jour pour que vous viviez une exp\u00e9rience incroyable. Nous esp\u00e9rons vous voir bient\u00f4t et que vous profitiez pleinement de nos cr\u00e9ations\u202f!<\/span><\/p><\/div><\/div>\t\t\t\t<\/div>\n\t\t\t\t<\/div>\n\t\t\t\t\t<\/div>\n\t\t<\/div>\n\t\t\t\t<div class=\"elementor-column elementor-col-50 elementor-inner-column elementor-element elementor-element-e19fbaa\" data-id=\"e19fbaa\" data-element_type=\"column\" data-e-type=\"column\">\n\t\t\t<div class=\"elementor-widget-wrap elementor-element-populated\">\n\t\t\t\t\t\t<div class=\"elementor-element elementor-element-5790f637 elementor-invisible elementor-widget elementor-widget-pix-fancybox\" data-id=\"5790f637\" data-element_type=\"widget\" data-e-type=\"widget\" data-widget_type=\"pix-fancybox.default\">\n\t\t\t\t<div class=\"elementor-widget-container\">\n\t\t\t\t\t<div class=\"card mb-3 mb-sm-0 pix-info-card    animate-in\" data-anim-type=\"fade-in-up\" data-anim-delay=\"0\"><div class=\"card-inner\"><img decoding=\"async\" class=\"card-img animating fade-in-Img\" src=\"https:\/\/chubu17.com\/wp-content\/uploads\/2023\/11\/Dani.png\" alt=\"\"><div class=\"card-img-overlay p-0 d-flex flex-column justify-content-end animating fade-in-up\"><div class=\"card-img-overlay-content card-content-box bg-dark-opacity-2 pix-p-20\" ><h6 class=\"card-text font-weight-bold text-light-opacity-7  animate-in\" data-anim-type=\"fade-in\" data-anim-delay=\"800\" style=\"\">EL JEFE<\/h6><h4 class=\"text-white font-weight-bold mb-0 animate-in\" data-anim-type=\"fade-in\" data-anim-delay=\"400\" style=\"\">DANI<\/h4><\/div><\/div><\/div><\/div>\t\t\t\t<\/div>\n\t\t\t\t<\/div>\n\t\t\t\t\t<\/div>\n\t\t<\/div>\n\t\t\t\t\t<\/div>\n\t\t<\/section>\n\t\t\t\t\t<\/div>\n\t\t<\/div>\n\t\t\t\t\t<\/div>\n\t\t<\/section>\n\t\t\t\t<section class=\"elementor-section elementor-top-section elementor-element elementor-element-7df68a63 elementor-section-boxed elementor-section-height-default elementor-section-height-default\" data-id=\"7df68a63\" data-element_type=\"section\" data-e-type=\"section\">\n\t\t\t\t\t\t<div class=\"elementor-container elementor-column-gap-default\">\n\t\t\t\t\t<div class=\"elementor-column elementor-col-50 elementor-top-column elementor-element elementor-element-5deea092\" data-id=\"5deea092\" data-element_type=\"column\" data-e-type=\"column\">\n\t\t\t<div class=\"elementor-widget-wrap elementor-element-populated\">\n\t\t\t\t\t\t<div class=\"elementor-element elementor-element-cc5443d elementor-invisible elementor-widget elementor-widget-pix-fancybox\" data-id=\"cc5443d\" data-element_type=\"widget\" data-e-type=\"widget\" data-widget_type=\"pix-fancybox.default\">\n\t\t\t\t<div class=\"elementor-widget-container\">\n\t\t\t\t\t<div class=\"card mb-3 mb-sm-0 pix-info-card    animate-in\" data-anim-type=\"fade-in-up\" data-anim-delay=\"0\"><div class=\"card-inner\"><img decoding=\"async\" class=\"card-img animating fade-in-Img\" src=\"https:\/\/chubu17.com\/wp-content\/uploads\/2023\/11\/Sori.png\" alt=\"\"><div class=\"card-img-overlay p-0 d-flex flex-column justify-content-end animating fade-in-up\"><div class=\"card-img-overlay-content card-content-box bg-dark-opacity-2 pix-p-20\" ><h6 class=\"card-text font-weight-bold text-light-opacity-7  animate-in\" data-anim-type=\"fade-in\" data-anim-delay=\"800\" style=\"\">SERVEUSE<\/h6><h4 class=\"text-white font-weight-bold mb-0 animate-in\" data-anim-type=\"fade-in\" data-anim-delay=\"400\" style=\"\">SORY<\/h4><\/div><\/div><\/div><\/div>\t\t\t\t<\/div>\n\t\t\t\t<\/div>\n\t\t\t\t<div class=\"elementor-element elementor-element-a1b9081 elementor-invisible elementor-widget elementor-widget-pix-fancybox\" data-id=\"a1b9081\" data-element_type=\"widget\" data-e-type=\"widget\" data-widget_type=\"pix-fancybox.default\">\n\t\t\t\t<div class=\"elementor-widget-container\">\n\t\t\t\t\t<div class=\"card mb-3 mb-sm-0 pix-info-card    animate-in\" data-anim-type=\"fade-in-up\" data-anim-delay=\"0\"><div class=\"card-inner\"><img decoding=\"async\" class=\"card-img animating fade-in-Img\" src=\"https:\/\/chubu17.com\/wp-content\/uploads\/2023\/08\/Team-George-Washington.png\" alt=\"\"><div class=\"card-img-overlay p-0 d-flex flex-column justify-content-end animating fade-in-up\"><div class=\"card-img-overlay-content card-content-box bg-dark-opacity-2 pix-p-20\" ><h6 class=\"card-text font-weight-bold text-light-opacity-7  animate-in\" data-anim-type=\"fade-in\" data-anim-delay=\"800\" style=\"\">SERVEUR<\/h6><h4 class=\"text-white font-weight-bold mb-0 animate-in\" data-anim-type=\"fade-in\" data-anim-delay=\"400\" style=\"\">GEORGE WASHINGTON<\/h4><\/div><\/div><\/div><\/div>\t\t\t\t<\/div>\n\t\t\t\t<\/div>\n\t\t\t\t\t<\/div>\n\t\t<\/div>\n\t\t\t\t<div class=\"elementor-column elementor-col-50 elementor-top-column elementor-element elementor-element-359b24d2\" data-id=\"359b24d2\" data-element_type=\"column\" data-e-type=\"column\">\n\t\t\t<div class=\"elementor-widget-wrap elementor-element-populated\">\n\t\t\t\t\t\t<div class=\"elementor-element elementor-element-156342f4 elementor-invisible elementor-widget elementor-widget-pix-fancybox\" data-id=\"156342f4\" data-element_type=\"widget\" data-e-type=\"widget\" data-widget_type=\"pix-fancybox.default\">\n\t\t\t\t<div class=\"elementor-widget-container\">\n\t\t\t\t\t<div class=\"card mb-3 mb-sm-0 pix-info-card    animate-in\" data-anim-type=\"fade-in-up\" data-anim-delay=\"0\"><div class=\"card-inner\"><img decoding=\"async\" class=\"card-img animating fade-in-Img\" src=\"https:\/\/chubu17.com\/wp-content\/uploads\/2023\/11\/Matteo.png\" alt=\"\"><div class=\"card-img-overlay p-0 d-flex flex-column justify-content-end animating fade-in-up\"><div class=\"card-img-overlay-content card-content-box bg-dark-opacity-2 pix-p-20\" ><h6 class=\"card-text font-weight-bold text-light-opacity-7  animate-in\" data-anim-type=\"fade-in\" data-anim-delay=\"800\" style=\"\">CHEF<\/h6><h4 class=\"text-white font-weight-bold mb-0 animate-in\" data-anim-type=\"fade-in\" data-anim-delay=\"400\" style=\"\">MATTEO<\/h4><\/div><\/div><\/div><\/div>\t\t\t\t<\/div>\n\t\t\t\t<\/div>\n\t\t\t\t<div class=\"elementor-element elementor-element-9ddb614 elementor-invisible elementor-widget elementor-widget-pix-fancybox\" data-id=\"9ddb614\" data-element_type=\"widget\" data-e-type=\"widget\" data-widget_type=\"pix-fancybox.default\">\n\t\t\t\t<div class=\"elementor-widget-container\">\n\t\t\t\t\t<div class=\"card mb-3 mb-sm-0 pix-info-card    animate-in\" data-anim-type=\"fade-in-up\" data-anim-delay=\"0\"><div class=\"card-inner\"><img decoding=\"async\" class=\"card-img animating fade-in-Img\" src=\"https:\/\/chubu17.com\/wp-content\/uploads\/2023\/11\/Harlis.png\" alt=\"\"><div class=\"card-img-overlay p-0 d-flex flex-column justify-content-end animating fade-in-up\"><div class=\"card-img-overlay-content card-content-box bg-dark-opacity-2 pix-p-20\" ><h6 class=\"card-text font-weight-bold text-light-opacity-7  animate-in\" data-anim-type=\"fade-in\" data-anim-delay=\"800\" style=\"\">CHEF<\/h6><h4 class=\"text-white font-weight-bold mb-0 animate-in\" data-anim-type=\"fade-in\" data-anim-delay=\"400\" style=\"\">HARLIS<\/h4><\/div><\/div><\/div><\/div>\t\t\t\t<\/div>\n\t\t\t\t<\/div>\n\t\t\t\t\t<\/div>\n\t\t<\/div>\n\t\t\t\t\t<\/div>\n\t\t<\/section>\n\t\t\t\t<\/div>\n\t\t","protected":false},"excerpt":{"rendered":"<p>DEPUIS 2020 NOTRE&#32; HISTOIRE&#32; Au d\u00e9but, CHUBU \u00e9tait dans le monde des churros. Nous avons commenc\u00e9 avec des id\u00e9es innovantes, transformant les churros et le chocolat chaud en formes uniques. Nous proposions des vari\u00e9t\u00e9s inhabituelles comme des churros avec du&#8230;<\/p>\n","protected":false},"author":1,"featured_media":0,"parent":0,"menu_order":0,"comment_status":"closed","ping_status":"closed","template":"","meta":{"footnotes":""},"class_list":["post-29685","page","type-page","status-publish","hentry"],"_links":{"self":[{"href":"https:\/\/chubu17.com\/fr\/wp-json\/wp\/v2\/pages\/29685","targetHints":{"allow":["GET"]}}],"collection":[{"href":"https:\/\/chubu17.com\/fr\/wp-json\/wp\/v2\/pages"}],"about":[{"href":"https:\/\/chubu17.com\/fr\/wp-json\/wp\/v2\/types\/page"}],"author":[{"embeddable":true,"href":"https:\/\/chubu17.com\/fr\/wp-json\/wp\/v2\/users\/1"}],"replies":[{"embeddable":true,"href":"https:\/\/chubu17.com\/fr\/wp-json\/wp\/v2\/comments?post=29685"}],"version-history":[{"count":8,"href":"https:\/\/chubu17.com\/fr\/wp-json\/wp\/v2\/pages\/29685\/revisions"}],"predecessor-version":[{"id":29707,"href":"https:\/\/chubu17.com\/fr\/wp-json\/wp\/v2\/pages\/29685\/revisions\/29707"}],"wp:attachment":[{"href":"https:\/\/chubu17.com\/fr\/wp-json\/wp\/v2\/media?parent=29685"}],"curies":[{"name":"wp","href":"https:\/\/api.w.org\/{rel}","templated":true}]}}