{"id":29716,"date":"2023-09-06T22:27:43","date_gmt":"2023-09-06T21:27:43","guid":{"rendered":"https:\/\/chubu17.com\/?page_id=29716"},"modified":"2025-06-21T11:25:17","modified_gmt":"2025-06-21T10:25:17","slug":"reserver","status":"publish","type":"page","link":"https:\/\/chubu17.com\/fr\/reserver\/","title":{"rendered":"RESERVER"},"content":{"rendered":"\t\t<div data-elementor-type=\"wp-page\" data-elementor-id=\"29716\" class=\"elementor elementor-29716 elementor-14628\">\n\t\t\t\t\t\t<section class=\"elementor-section elementor-top-section elementor-element elementor-element-7399be7a elementor-section-stretched elementor-section-boxed elementor-section-height-default elementor-section-height-default\" data-id=\"7399be7a\" data-element_type=\"section\" data-e-type=\"section\" data-settings=\"{&quot;stretch_section&quot;:&quot;section-stretched&quot;,&quot;background_background&quot;:&quot;classic&quot;}\">\n\t\t\t\t\t\t<div class=\"elementor-container elementor-column-gap-default\">\n\t\t\t\t\t<div class=\"elementor-column elementor-col-100 elementor-top-column elementor-element elementor-element-fa4b26a\" data-id=\"fa4b26a\" data-element_type=\"column\" data-e-type=\"column\">\n\t\t\t<div class=\"elementor-widget-wrap elementor-element-populated\">\n\t\t\t\t\t\t<div class=\"elementor-element elementor-element-0d0d09b elementor-invisible elementor-widget elementor-widget-pix-icon\" data-id=\"0d0d09b\" data-element_type=\"widget\" data-e-type=\"widget\" data-widget_type=\"pix-icon.default\">\n\t\t\t\t<div class=\"elementor-widget-container\">\n\t\t\t\t\t<div id=\"duo-icon-173732825\" class=\"pix-icon text-center \"><div class=\"pix-icon-bg rounded-circle d-inline-flex align-items-center justify-content-center feature_img position-relative bg-gradient-primary-light animate-in \" data-anim-type=\"fade-in-up\" data-anim-delay=\"0\" style=\" width:64px;height:64px;position:relative;line-height:64px;text-align:center;\"><span style=\"font-size:36px;line-height:36px;\" class=\"text-gradient-primary d-inline-flex align-middle\"><svg class=\"pixfort-icon \" width=\"36\" height=\"36\"  data-name=\"Duotone\/pixfort-icon-fork-knife-1\" viewBox=\"2 2 20 20\"><g fill=\"none\" fill-rule=\"evenodd\"><path fill=\"var(--pf-icon-color)\" fill-opacity=\".25\" d=\"M11.5,3 C12.0522847,3 12.5,3.44771525 12.5,4 L12.5,8 C12.5,9.48625501 11.4192103,10.7200781 10.0006962,10.9584039 L10,20 C10,20.5522847 9.55228475,21 9,21 C8.44771525,21 8,20.5522847 8,20 L8.00029469,10.9585702 C6.58129303,10.7206526 5.5,9.48660106 5.5,8 L5.5,4 C5.5,3.44771525 5.94771525,3 6.5,3 C7.05228475,3 7.5,3.44771525 7.5,4 L7.5,8 C7.5,8.37008772 7.70104123,8.69321974 7.9998705,8.86614288 L8,4 C8,3.44771525 8.44771525,3 9,3 C9.55228475,3 10,3.44771525 10,4 L10.0011143,8.86557226 C10.2994004,8.69250951 10.5,8.36968103 10.5,8 L10.5,4 C10.5,3.44771525 10.9477153,3 11.5,3 Z\"\/><path fill=\"var(--pf-icon-color)\" d=\"M16.0384761,3.72527887 C16.3570445,2.61028914 18,2.84039317 18,4 L18,20 C18,20.5522847 17.5522847,21 17,21 C16.4477153,21 16,20.5522847 16,20 L16,12.618 L15.295095,12.2655815 C14.484908,11.860488 14.0544043,10.9663607 14.2269921,10.0910593 L14.2664743,9.92728487 L16.0384761,3.72527887 Z\"\/><\/g><\/svg><\/span><\/div><\/div>\t\t\t\t<\/div>\n\t\t\t\t<\/div>\n\t\t\t\t<div class=\"elementor-element elementor-element-62bd2b8 elementor-widget elementor-widget-pix-sliding-text\" data-id=\"62bd2b8\" data-element_type=\"widget\" data-e-type=\"widget\" data-widget_type=\"pix-sliding-text.default\">\n\t\t\t\t<div class=\"elementor-widget-container\">\n\t\t\t\t\t<div id=\"el-62bd2b8\" class=\"mb-3 text-center \"><div class=\"d-inline-block\" style=\"max-width:800px;\"><h2 class=\"mb-32 pix-sliding-headline-2 animate-in font-weight-bold secondary-font \" data-anim-type=\"pix-sliding-text\" pix-anim-delay=\"500\" data-class=\"secondary-font text-primary\" style=\"\"><span class=\"slide-in-container \"><span class=\"pix-sliding-item secondary-font text-primary\" style=\"transition-delay: 0ms;\">R\u00c9SERVEZ&#32;<\/span><\/span> <span class=\"slide-in-container \"><span class=\"pix-sliding-item secondary-font text-primary\" style=\"transition-delay: 150ms;\">VOTRE&#32;<\/span><\/span> <span class=\"slide-in-container \"><span class=\"pix-sliding-item secondary-font text-primary\" style=\"transition-delay: 300ms;\">TABLE&#32;<\/span><\/span> <\/h2><\/div><\/div>\t\t\t\t<\/div>\n\t\t\t\t<\/div>\n\t\t\t\t<div class=\"elementor-element elementor-element-371ba7d elementor-invisible elementor-widget elementor-widget-pix-text\" data-id=\"371ba7d\" data-element_type=\"widget\" data-e-type=\"widget\" data-widget_type=\"pix-text.default\">\n\t\t\t\t<div class=\"elementor-widget-container\">\n\t\t\t\t\t<div class=\"pix-el-text w-100 text-center \" ><div class=\"d-inline-block\" style=\"max-width:800px;\"><p class=\"text-20 resp-option text-body-default text-center \" ><span class=\"text-body-default animate-in d-inline-block\" data-anim-delay=\"1000\" data-anim-type=\"fade-in-up\">Veuillez fournir vos informations de r\u00e9servation afin que nous puissions tout pr\u00e9parer avant votre arriv\u00e9e et garantir un moment sans le moindre souci. Nous sommes ravis de vous accueillir et pr\u00eats \u00e0 faire de votre exp\u00e9rience quelque chose d\u2019inoubliable. Nous attendons votre venue avec impatience !<\/span><\/p><\/div><\/div>\t\t\t\t<\/div>\n\t\t\t\t<\/div>\n\t\t\t\t<div class=\"elementor-element elementor-element-aa6b2f3 elementor-invisible elementor-widget elementor-widget-pix-text\" data-id=\"aa6b2f3\" data-element_type=\"widget\" data-e-type=\"widget\" data-widget_type=\"pix-text.default\">\n\t\t\t\t<div class=\"elementor-widget-container\">\n\t\t\t\t\t<div class=\"pix-el-text w-100 text-center \" ><div class=\"d-inline-block\" style=\"max-width:800px;\"><p class=\"text-18 resp-option text-body-default text-center font-weight-bold\" ><span class=\"text-body-default animate-in d-inline-block\" data-anim-delay=\"1000\" data-anim-type=\"fade-in-up\">VOUS POUVEZ EFFECTUER VOTRE R\u00c9SERVATION AU MOINS 3 HEURES \u00c0 L\u2019AVANCE<\/span><\/p><\/div><\/div>\t\t\t\t<\/div>\n\t\t\t\t<\/div>\n\t\t\t\t\t<\/div>\n\t\t<\/div>\n\t\t\t\t\t<\/div>\n\t\t<\/section>\n\t\t\t\t<section class=\"elementor-section elementor-top-section elementor-element elementor-element-65a3cbe elementor-section-boxed elementor-section-height-default elementor-section-height-default\" data-id=\"65a3cbe\" data-element_type=\"section\" data-e-type=\"section\">\n\t\t\t\t\t\t<div class=\"elementor-container elementor-column-gap-default\">\n\t\t\t\t\t<div class=\"elementor-column elementor-col-100 elementor-top-column elementor-element elementor-element-91d87c5\" data-id=\"91d87c5\" data-element_type=\"column\" data-e-type=\"column\">\n\t\t\t<div class=\"elementor-widget-wrap elementor-element-populated\">\n\t\t\t\t\t\t<div class=\"elementor-element elementor-element-3cc500d elementor-widget elementor-widget-shortcode\" data-id=\"3cc500d\" data-element_type=\"widget\" data-e-type=\"widget\" data-widget_type=\"shortcode.default\">\n\t\t\t\t<div class=\"elementor-widget-container\">\n\t\t\t\t\t\t\t<div class=\"elementor-shortcode\"><div class=\"latepoint-book-form-wrapper os-loading os_init_booking_form\" id=\"latepointBookForm_69f26419ae568\" data-show-locations=\"1\" data-selected-agent=\"2\" data-hide-side-panel=\"yes\" >\n\t\t\t\t\t\t<div class=\"latepoint-w latepoint-inline-form latepoint-hide-side-panel\">\n\t\t\t\t\t\t\t<div class=\"latepoint-booking-form-element\">\n\t\t\t\t\t\t\t\t<div class=\"latepoint-side-panel\"><\/div>\n\t\t\t\t\t\t\t\t<div class=\"latepoint-form-w\"><\/div>\n\t\t\t\t\t\t\t<\/div>\n\t\t\t\t\t\t<\/div>\n\t\t\t\t\t<\/div><\/div>\n\t\t\t\t\t\t<\/div>\n\t\t\t\t<\/div>\n\t\t\t\t\t<\/div>\n\t\t<\/div>\n\t\t\t\t\t<\/div>\n\t\t<\/section>\n\t\t\t\t<\/div>\n\t\t","protected":false},"excerpt":{"rendered":"<p>R\u00c9SERVEZ&#32; VOTRE&#32; TABLE&#32; Veuillez fournir vos informations de r\u00e9servation afin que nous puissions tout pr\u00e9parer avant votre arriv\u00e9e et garantir un moment sans le moindre souci. Nous sommes ravis de vous accueillir et pr\u00eats \u00e0 faire de votre exp\u00e9rience quelque&#8230;<\/p>\n","protected":false},"author":1,"featured_media":0,"parent":0,"menu_order":0,"comment_status":"closed","ping_status":"closed","template":"","meta":{"footnotes":""},"class_list":["post-29716","page","type-page","status-publish","hentry"],"_links":{"self":[{"href":"https:\/\/chubu17.com\/fr\/wp-json\/wp\/v2\/pages\/29716","targetHints":{"allow":["GET"]}}],"collection":[{"href":"https:\/\/chubu17.com\/fr\/wp-json\/wp\/v2\/pages"}],"about":[{"href":"https:\/\/chubu17.com\/fr\/wp-json\/wp\/v2\/types\/page"}],"author":[{"embeddable":true,"href":"https:\/\/chubu17.com\/fr\/wp-json\/wp\/v2\/users\/1"}],"replies":[{"embeddable":true,"href":"https:\/\/chubu17.com\/fr\/wp-json\/wp\/v2\/comments?post=29716"}],"version-history":[{"count":5,"href":"https:\/\/chubu17.com\/fr\/wp-json\/wp\/v2\/pages\/29716\/revisions"}],"predecessor-version":[{"id":29721,"href":"https:\/\/chubu17.com\/fr\/wp-json\/wp\/v2\/pages\/29716\/revisions\/29721"}],"wp:attachment":[{"href":"https:\/\/chubu17.com\/fr\/wp-json\/wp\/v2\/media?parent=29716"}],"curies":[{"name":"wp","href":"https:\/\/api.w.org\/{rel}","templated":true}]}}